{"id":1437,"date":"2022-03-22T13:55:18","date_gmt":"2022-03-22T11:55:18","guid":{"rendered":"https:\/\/wgl-demo.net\/bili\/?page_id=1437"},"modified":"2025-07-24T01:35:18","modified_gmt":"2025-07-23T23:35:18","slug":"blog","status":"publish","type":"page","link":"https:\/\/digitalcreators.studio\/en\/blog\/","title":{"rendered":"Blog"},"content":{"rendered":"<div data-elementor-type=\"wp-page\" data-elementor-id=\"1437\" class=\"elementor elementor-1437\">\n\t\t\t\t\t\t<section class=\"elementor-section elementor-top-section elementor-element elementor-element-5fa1f6e elementor-section-boxed elementor-section-height-default elementor-section-height-default\" data-id=\"5fa1f6e\" data-element_type=\"section\">\n\t\t\t\t\t\t<div class=\"elementor-container elementor-column-gap-default\">\n\t\t\t\t\t<div class=\"elementor-column elementor-col-100 elementor-top-column elementor-element elementor-element-83bb7c1\" data-id=\"83bb7c1\" data-element_type=\"column\">\n\t\t\t<div class=\"elementor-widget-wrap elementor-element-populated\">\n\t\t\t\t\t\t<div class=\"elementor-element elementor-element-2665937 nav-left elementor-widget elementor-widget-wgl-blog\" data-id=\"2665937\" data-element_type=\"widget\" data-settings=\"{&quot;blog_columns&quot;:&quot;12&quot;}\" data-widget_type=\"wgl-blog.default\">\n\t\t\t\t<div class=\"elementor-widget-container\">\n\t\t\t<section class=\"wgl_cpt_section\"><div class=\"blog-posts\"><div class=\"container-grid row blog_columns-1 grid blog-style-standard\">    <div class=\"item wgl_col-12\">\n    <div class=\"blog-post format-standard-image\">\n    <div class=\"blog-post_wrapper\"><div class=\"blog-post_media\"><div class=\"blog-post_media_part\"><a href=\"https:\/\/digitalcreators.studio\/en\/izrada-logotipa-i-logo-dizajn\/\" class=\"media-link image-overlay\"><img decoding=\"async\" src=\"https:\/\/digitalcreators.studio\/wp-content\/uploads\/2022\/03\/Naslovna-1170x700.jpg\" alt=\"Naslovna\"><\/a><\/div><\/div>    <div class=\"blog-post_content\"><div class=\"post_meta-wrap\"><div class=\"meta-data\"><span class=\"post_date\">23\/03\/2022<\/span><span class=\"post_categories\"><span><a  href=\"https:\/\/digitalcreators.studio\/en\/category\/blog\/\" >Blog<\/a><\/span><\/span><span class=\"post_author\"><span>BY <a href=\"https:\/\/digitalcreators.studio\/en\/author\/dusan\/\">Dusan<\/a><\/span><\/span><\/div><\/div><h3 class=\"blog-post_title\"><a href=\"https:\/\/digitalcreators.studio\/en\/izrada-logotipa-i-logo-dizajn\/\">Logo creation and logo design<\/a><\/h3><div class=\"blog-post_text\">Summary:\n*Logo is the beginning of your branding*Logo and logo are not the same thing*Market research is a mandatory step*Creating a solution is a process that should not be rushed*Along with a logo, you also get...<\/div><div class=\"clear\"><\/div><div class=\"blog-post_footer\">            <div class=\"read-more-wrap\">\n                <a href=\"https:\/\/digitalcreators.studio\/en\/izrada-logotipa-i-logo-dizajn\/\" class=\"button-read-more\">\n                    <i class=\"flaticon flaticon-plus read-more-icon\"><\/i><span>FIND OUT MORE<\/span>                <\/a>\n            <\/div>    <\/div>\n    <\/div>\n    <\/div>\n    <\/div>\n    <\/div>    <div class=\"item wgl_col-12\">\n    <div class=\"blog-post format-standard-image\">\n    <div class=\"blog-post_wrapper\"><div class=\"blog-post_media\"><div class=\"blog-post_media_part\"><a href=\"https:\/\/digitalcreators.studio\/en\/pakovanje-od-ideje-do-realizacije\/\" class=\"media-link image-overlay\"><img decoding=\"async\" src=\"https:\/\/digitalcreators.studio\/wp-content\/uploads\/2024\/12\/Naslovna-2-1170x700.jpg\" alt=\"Naslovna\"><\/a><\/div><\/div>    <div class=\"blog-post_content\"><div class=\"post_meta-wrap\"><div class=\"meta-data\"><span class=\"post_date\">17\/12\/2024<\/span><span class=\"post_categories\"><span><a  href=\"https:\/\/digitalcreators.studio\/en\/category\/blog\/\" >Blog<\/a><\/span><\/span><span class=\"post_author\"><span>BY <a href=\"https:\/\/digitalcreators.studio\/en\/author\/dusan\/\">Dusan<\/a><\/span><\/span><\/div><\/div><h3 class=\"blog-post_title\"><a href=\"https:\/\/digitalcreators.studio\/en\/pakovanje-od-ideje-do-realizacije\/\">Packaging - from idea to realization<\/a><\/h3><div class=\"blog-post_text\">\u00a0\n\nSummary:\n*Packaging mostly follows the already established visual identity*Market research is a mandatory step*It is best to design on mock-ups or clippings*Measurements are very important*Preparation for...<\/div><div class=\"clear\"><\/div><div class=\"blog-post_footer\">            <div class=\"read-more-wrap\">\n                <a href=\"https:\/\/digitalcreators.studio\/en\/pakovanje-od-ideje-do-realizacije\/\" class=\"button-read-more\">\n                    <i class=\"flaticon flaticon-plus read-more-icon\"><\/i><span>FIND OUT MORE<\/span>                <\/a>\n            <\/div>    <\/div>\n    <\/div>\n    <\/div>\n    <\/div>\n    <\/div>    <div class=\"item wgl_col-12\">\n    <div class=\"blog-post format-standard-image\">\n    <div class=\"blog-post_wrapper\"><div class=\"blog-post_media\"><div class=\"blog-post_media_part\"><a href=\"https:\/\/digitalcreators.studio\/en\/vodjenje-drustvenih-mreza\/\" class=\"media-link image-overlay\"><img decoding=\"async\" src=\"https:\/\/digitalcreators.studio\/wp-content\/uploads\/2024\/12\/Naslovna-3-1170x700.jpg\" alt=\"Naslovna\"><\/a><\/div><\/div>    <div class=\"blog-post_content\"><div class=\"post_meta-wrap\"><div class=\"meta-data\"><span class=\"post_date\">17\/12\/2024<\/span><span class=\"post_categories\"><span><a  href=\"https:\/\/digitalcreators.studio\/en\/category\/blog\/\" >Blog<\/a><\/span><\/span><span class=\"post_author\"><span>BY <a href=\"https:\/\/digitalcreators.studio\/en\/author\/dusan\/\">Dusan<\/a><\/span><\/span><\/div><\/div><h3 class=\"blog-post_title\"><a href=\"https:\/\/digitalcreators.studio\/en\/vodjenje-drustvenih-mreza\/\">Social Media Management<\/a><\/h3><div class=\"blog-post_text\">Summary:\n*Success on networks is not just publication*Networks require a lot of time (and more and more)*Each part of the material needs to be processed before publication*Chat systems have become a vital part...<\/div><div class=\"clear\"><\/div><div class=\"blog-post_footer\">            <div class=\"read-more-wrap\">\n                <a href=\"https:\/\/digitalcreators.studio\/en\/vodjenje-drustvenih-mreza\/\" class=\"button-read-more\">\n                    <i class=\"flaticon flaticon-plus read-more-icon\"><\/i><span>FIND OUT MORE<\/span>                <\/a>\n            <\/div>    <\/div>\n    <\/div>\n    <\/div>\n    <\/div>\n    <\/div>    <div class=\"item wgl_col-12\">\n    <div class=\"blog-post format-standard-image\">\n    <div class=\"blog-post_wrapper\"><div class=\"blog-post_media\"><div class=\"blog-post_media_part\"><a href=\"https:\/\/digitalcreators.studio\/en\/zasto-su-drustvene-mreze-sada-u-potpunosti-koliko-para-toliko-muzike\/\" class=\"media-link image-overlay\"><img decoding=\"async\" src=\"https:\/\/digitalcreators.studio\/wp-content\/uploads\/2025\/06\/zasto-su-drustvene-mreze-sada-u-potpunosti-koliko-para-toliko-muzike-1170x700.jpg\" alt=\"Za\u0161to su dru\u0161tvene mre\u017ee sada u potpunosti koliko para toliko muzike?\"><\/a><\/div><\/div>    <div class=\"blog-post_content\"><div class=\"post_meta-wrap\"><div class=\"meta-data\"><span class=\"post_date\">05\/06\/2025<\/span><span class=\"post_categories\"><span><a  href=\"https:\/\/digitalcreators.studio\/en\/category\/blog\/\" >Blog<\/a><\/span><\/span><span class=\"post_author\"><span>BY <a href=\"https:\/\/digitalcreators.studio\/en\/author\/mihael\/\">mihael<\/a><\/span><\/span><\/div><\/div><h3 class=\"blog-post_title\"><a href=\"https:\/\/digitalcreators.studio\/en\/zasto-su-drustvene-mreze-sada-u-potpunosti-koliko-para-toliko-muzike\/\">Why are social networks now as much money as music?<\/a><\/h3><div class=\"blog-post_text\">Summary:\n*Organic reach is never lower on all platforms*Paid ads are no longer optional*The expected quality of posts has increased but...*The focus is on video material*You should use a moderate...<\/div><div class=\"clear\"><\/div><div class=\"blog-post_footer\">            <div class=\"read-more-wrap\">\n                <a href=\"https:\/\/digitalcreators.studio\/en\/zasto-su-drustvene-mreze-sada-u-potpunosti-koliko-para-toliko-muzike\/\" class=\"button-read-more\">\n                    <i class=\"flaticon flaticon-plus read-more-icon\"><\/i><span>FIND OUT MORE<\/span>                <\/a>\n            <\/div>    <\/div>\n    <\/div>\n    <\/div>\n    <\/div>\n    <\/div>    <div class=\"item wgl_col-12\">\n    <div class=\"blog-post format-standard-image\">\n    <div class=\"blog-post_wrapper\"><div class=\"blog-post_media\"><div class=\"blog-post_media_part\"><a href=\"https:\/\/digitalcreators.studio\/en\/partnerstvo-stamparija-stojkov\/\" class=\"media-link image-overlay\"><img decoding=\"async\" src=\"https:\/\/digitalcreators.studio\/wp-content\/uploads\/2025\/07\/Partnerstvo-Stamparija-Stojkov-1170x700.png\" alt=\"\u0160tamparija Stojkov\"><\/a><\/div><\/div>    <div class=\"blog-post_content\"><div class=\"post_meta-wrap\"><div class=\"meta-data\"><span class=\"post_date\">10\/07\/2025<\/span><span class=\"post_categories\"><span><a  href=\"https:\/\/digitalcreators.studio\/en\/category\/blog\/\" >Blog<\/a><\/span><\/span><span class=\"post_author\"><span>BY <a href=\"https:\/\/digitalcreators.studio\/en\/author\/dusan\/\">Dusan<\/a><\/span><\/span><\/div><\/div><h3 class=\"blog-post_title\"><a href=\"https:\/\/digitalcreators.studio\/en\/partnerstvo-stamparija-stojkov\/\">Partnership - Printing house Stojkov<\/a><\/h3><div class=\"blog-post_text\">Digital Creators Studio has entered into a partnership with \u0160tamparija Stojkov. Their long history (since 1963), striving for quality production, constant progress and expansion of services make them perfect...<\/div><div class=\"clear\"><\/div><div class=\"blog-post_footer\">            <div class=\"read-more-wrap\">\n                <a href=\"https:\/\/digitalcreators.studio\/en\/partnerstvo-stamparija-stojkov\/\" class=\"button-read-more\">\n                    <i class=\"flaticon flaticon-plus read-more-icon\"><\/i><span>FIND OUT MORE<\/span>                <\/a>\n            <\/div>    <\/div>\n    <\/div>\n    <\/div>\n    <\/div>\n    <\/div>    <div class=\"item wgl_col-12\">\n    <div class=\"blog-post format-standard-image\">\n    <div class=\"blog-post_wrapper\"><div class=\"blog-post_media\"><div class=\"blog-post_media_part\"><a href=\"https:\/\/digitalcreators.studio\/en\/dcs-je-listiran-na-goodfirms-u\/\" class=\"media-link image-overlay\"><img decoding=\"async\" src=\"https:\/\/digitalcreators.studio\/wp-content\/uploads\/2025\/07\/9-1170x700.png\" alt=\"GoodFirms\"><\/a><\/div><\/div>    <div class=\"blog-post_content\"><div class=\"post_meta-wrap\"><div class=\"meta-data\"><span class=\"post_date\">28\/07\/2025<\/span><span class=\"post_categories\"><span><a  href=\"https:\/\/digitalcreators.studio\/en\/category\/blog\/\" >Blog<\/a><\/span><\/span><span class=\"post_author\"><span>BY <a href=\"https:\/\/digitalcreators.studio\/en\/author\/dusan\/\">Dusan<\/a><\/span><\/span><\/div><\/div><h3 class=\"blog-post_title\"><a href=\"https:\/\/digitalcreators.studio\/en\/dcs-je-listiran-na-goodfirms-u\/\">DCS is listed on GoodFirms!<\/a><\/h3><div class=\"blog-post_text\">We are very proud to announce that Digital Creators Studio is now officially present on the GoodFirms platform! For us, it is not just another entry in the directory - but a significant step that confirms...<\/div><div class=\"clear\"><\/div><div class=\"blog-post_footer\">            <div class=\"read-more-wrap\">\n                <a href=\"https:\/\/digitalcreators.studio\/en\/dcs-je-listiran-na-goodfirms-u\/\" class=\"button-read-more\">\n                    <i class=\"flaticon flaticon-plus read-more-icon\"><\/i><span>FIND OUT MORE<\/span>                <\/a>\n            <\/div>    <\/div>\n    <\/div>\n    <\/div>\n    <\/div>\n    <\/div>    <div class=\"item wgl_col-12\">\n    <div class=\"blog-post format-standard-image\">\n    <div class=\"blog-post_wrapper\"><div class=\"blog-post_media\"><div class=\"blog-post_media_part\"><a href=\"https:\/\/digitalcreators.studio\/en\/partnerstvo-biznis-asistent\/\" class=\"media-link image-overlay\"><img decoding=\"async\" src=\"https:\/\/digitalcreators.studio\/wp-content\/uploads\/2025\/08\/Drustvene-1170x700.png\" alt=\"Biznis Asistent\"><\/a><\/div><\/div>    <div class=\"blog-post_content\"><div class=\"post_meta-wrap\"><div class=\"meta-data\"><span class=\"post_date\">14\/08\/2025<\/span><span class=\"post_categories\"><span><a  href=\"https:\/\/digitalcreators.studio\/en\/category\/blog\/\" >Blog<\/a><\/span><\/span><span class=\"post_author\"><span>BY <a href=\"https:\/\/digitalcreators.studio\/en\/author\/dusan\/\">Dusan<\/a><\/span><\/span><\/div><\/div><h3 class=\"blog-post_title\"><a href=\"https:\/\/digitalcreators.studio\/en\/partnerstvo-biznis-asistent\/\">Partnership - Biznis Asistent<\/a><\/h3><div class=\"blog-post_text\">From the beginning, Digital Creators Studio was based on a human approach to business and avoiding any agency frameworks and working as if on a conveyor belt. And when it comes to opening a company, that first...<\/div><div class=\"clear\"><\/div><div class=\"blog-post_footer\">            <div class=\"read-more-wrap\">\n                <a href=\"https:\/\/digitalcreators.studio\/en\/partnerstvo-biznis-asistent\/\" class=\"button-read-more\">\n                    <i class=\"flaticon flaticon-plus read-more-icon\"><\/i><span>FIND OUT MORE<\/span>                <\/a>\n            <\/div>    <\/div>\n    <\/div>\n    <\/div>\n    <\/div>\n    <\/div><\/div><\/div><ul class=\"wgl-pagination\"><li class='page'><span aria-current=\"page\" class=\"page-numbers current\">1<\/span><\/li><li class='page'><a class=\"page-numbers\" href=\"https:\/\/digitalcreators.studio\/en\/wp-json\/wp\/v2\/pages\/1437\/page\/2\/\">2<\/a><\/li><li class='page'><a class=\"next page-numbers\" href=\"https:\/\/digitalcreators.studio\/en\/wp-json\/wp\/v2\/pages\/1437\/page\/2\/\"><i class=\"wgl_pagination_next flaticon flaticon-right\"><svg width=\"14\" height=\"16\" viewbox=\"0 0 14 16\" xmlns=\"http:\/\/www.w3.org\/2000\/svg\" fill=\"#fff\"><path d=\"M13.435 8.70711C13.8256 8.31658 13.8256 7.68342 13.435 7.29289L7.07107 0.928932C6.68054 0.538408 6.04738 0.538408 5.65685 0.928932C5.26633 1.31946 5.26633 1.95262 5.65685 2.34315L11.3137 8L5.65685 13.6569C5.26633 14.0474 5.26633 14.6805 5.65685 15.0711C6.04738 15.4616 6.68054 15.4616 7.07107 15.0711L13.435 8.70711ZM0 9H12.7279V7L0 7L0 9Z\"\/><\/svg><\/i><\/a><\/li><\/ul><\/section>\t\t<\/div>\n\t\t\t\t<\/div>\n\t\t\t\t\t<\/div>\n\t\t<\/div>\n\t\t\t\t\t<\/div>\n\t\t<\/section>\n\t\t\t\t<\/div>","protected":false},"excerpt":{"rendered":"<p>23\/03\/2022BlogBY Dusan IZRADA LOGOTIPA I LOGO DIZAJN Logo je grafi\u010dki znak, simbol ili amblem koji se koristi da pomogne identifikaciji i prepoznavanju va\u0161eg biznisa i\/ili brenda. Kao takav, logo je komunikacioni objekat koji promovi\u0161e poruke,&#8230; SAZNAJTE VI\u0160E 17\/12\/2024BlogBY Dusan PAKOVANJE \u2013 OD IDEJE DO REALIZACIJE Dizajn pakovanja ili ambala\u017ee je proces konceptualizacije i celokupnog planiranja [&hellip;]<\/p>","protected":false},"author":1,"featured_media":0,"parent":0,"menu_order":0,"comment_status":"closed","ping_status":"closed","template":"","meta":{"_seopress_robots_primary_cat":"","_seopress_titles_title":"","_seopress_titles_desc":"","_seopress_robots_index":"","footnotes":""},"class_list":["post-1437","page","type-page","status-publish","hentry"],"_links":{"self":[{"href":"https:\/\/digitalcreators.studio\/en\/wp-json\/wp\/v2\/pages\/1437","targetHints":{"allow":["GET"]}}],"collection":[{"href":"https:\/\/digitalcreators.studio\/en\/wp-json\/wp\/v2\/pages"}],"about":[{"href":"https:\/\/digitalcreators.studio\/en\/wp-json\/wp\/v2\/types\/page"}],"author":[{"embeddable":true,"href":"https:\/\/digitalcreators.studio\/en\/wp-json\/wp\/v2\/users\/1"}],"replies":[{"embeddable":true,"href":"https:\/\/digitalcreators.studio\/en\/wp-json\/wp\/v2\/comments?post=1437"}],"version-history":[{"count":6,"href":"https:\/\/digitalcreators.studio\/en\/wp-json\/wp\/v2\/pages\/1437\/revisions"}],"predecessor-version":[{"id":14082,"href":"https:\/\/digitalcreators.studio\/en\/wp-json\/wp\/v2\/pages\/1437\/revisions\/14082"}],"wp:attachment":[{"href":"https:\/\/digitalcreators.studio\/en\/wp-json\/wp\/v2\/media?parent=1437"}],"curies":[{"name":"wp","href":"https:\/\/api.w.org\/{rel}","templated":true}]}}